{"id":1000,"date":"2007-11-28T10:52:43","date_gmt":"2007-11-28T09:52:43","guid":{"rendered":"http:\/\/www.gkl-rijeka.hr\/wp\/index.php\/povijest-rijeckog-lutkarstva"},"modified":"2016-04-13T11:33:09","modified_gmt":"2016-04-13T09:33:09","slug":"povijest-rijeckog-lutkarstva","status":"publish","type":"page","link":"https:\/\/www.gkl-rijeka.hr\/index.php\/povijest-rijeckog-lutkarstva\/","title":{"rendered":"Povijest"},"content":{"rendered":"<p>[et_pb_section admin_label=&#8221;section&#8221; fullwidth=&#8221;off&#8221; specialty=&#8221;off&#8221;][et_pb_row admin_label=&#8221;row&#8221; make_fullwidth=&#8221;off&#8221; use_custom_width=&#8221;off&#8221; width_unit=&#8221;on&#8221; use_custom_gutter=&#8221;off&#8221; padding_mobile=&#8221;off&#8221; allow_player_pause=&#8221;off&#8221; parallax=&#8221;off&#8221; parallax_method=&#8221;off&#8221; make_equal=&#8221;off&#8221; column_padding_mobile=&#8221;on&#8221;][et_pb_column type=&#8221;1_4&#8243;][et_pb_number_counter admin_label=&#8221;Number Counter01&#8243; title=&#8221;POSJETILACA GODI\u0160NJE&#8221; number=&#8221;49000&#8243; percent_sign=&#8221;off&#8221; counter_color=&#8221;#428bca&#8221; background_layout=&#8221;light&#8221; use_border_color=&#8221;off&#8221; border_color=&#8221;#ffffff&#8221; border_style=&#8221;solid&#8221; title_font=&#8221;Open Sans Condensed|on|||&#8221; title_font_size=&#8221;18&#8243; title_text_color=&#8221;#428bca&#8221; title_line_height=&#8221;1px&#8221; number_font=&#8221;|on|||&#8221; number_line_height=&#8221;90px&#8221;] [\/et_pb_number_counter][\/et_pb_column][et_pb_column type=&#8221;1_4&#8243;][et_pb_number_counter admin_label=&#8221;Number Counter&#8221; title=&#8221;IZVEDBI GODI\u0160NJE&#8221; number=&#8221;330&#8243; percent_sign=&#8221;off&#8221; counter_color=&#8221;#b50d4c&#8221; background_layout=&#8221;light&#8221; use_border_color=&#8221;off&#8221; border_color=&#8221;#ffffff&#8221; border_style=&#8221;solid&#8221; title_font=&#8221;Open Sans Condensed|on|||&#8221; title_font_size=&#8221;18&#8243; title_text_color=&#8221;#b50d4c&#8221; title_line_height=&#8221;1px&#8221; number_font=&#8221;|on|||&#8221; number_line_height=&#8221;90px&#8221;] [\/et_pb_number_counter][\/et_pb_column][et_pb_column type=&#8221;1_4&#8243;][et_pb_number_counter admin_label=&#8221;Number Counter&#8221; title=&#8221;PREDSTAVA U REPERTOARU&#8221; number=&#8221;36&#8243; percent_sign=&#8221;off&#8221; counter_color=&#8221;#8224e3&#8243; background_layout=&#8221;light&#8221; use_border_color=&#8221;off&#8221; border_color=&#8221;#ffffff&#8221; border_style=&#8221;solid&#8221; title_font=&#8221;Open Sans Condensed|on|||&#8221; title_font_size=&#8221;18&#8243; title_text_color=&#8221;#6c29d8&#8243; title_line_height=&#8221;1px&#8221; number_font=&#8221;|on|||&#8221; number_line_height=&#8221;90px&#8221;] [\/et_pb_number_counter][\/et_pb_column][et_pb_column type=&#8221;1_4&#8243;][et_pb_number_counter admin_label=&#8221;Number Counter&#8221; title=&#8221;OSVOJENIH NAGRADA&#8221; number=&#8221;76&#8243; percent_sign=&#8221;off&#8221; counter_color=&#8221;#1aaf6f&#8221; background_layout=&#8221;light&#8221; use_border_color=&#8221;off&#8221; border_color=&#8221;#ffffff&#8221; border_style=&#8221;solid&#8221; title_font=&#8221;Open Sans Condensed|on|||&#8221; title_font_size=&#8221;18&#8243; title_text_color=&#8221;#1aaf6f&#8221; title_line_height=&#8221;1px&#8221; number_font=&#8221;|on|||&#8221; number_line_height=&#8221;90px&#8221;] [\/et_pb_number_counter][\/et_pb_column][\/et_pb_row][et_pb_row admin_label=&#8221;Row&#8221;][et_pb_column type=&#8221;4_4&#8243;][et_pb_divider admin_label=&#8221;Divider&#8221; color=&#8221;#ffffff&#8221; show_divider=&#8221;on&#8221; divider_style=&#8221;solid&#8221; divider_position=&#8221;top&#8221; hide_on_mobile=&#8221;on&#8221;] [\/et_pb_divider][et_pb_text admin_label=&#8221;Text&#8221; background_layout=&#8221;light&#8221; text_orientation=&#8221;left&#8221; text_font_size=&#8221;38&#8243; text_text_color=&#8221;#6ec527&#8243; use_border_color=&#8221;off&#8221; border_color=&#8221;#ffffff&#8221; border_style=&#8221;solid&#8221; custom_margin=&#8221;80px|||&#8221; custom_css_main_element=&#8221;font-family: kurale;&#8221; text_line_height=&#8221;3px&#8221;]<\/p>\n<p>Povijest\u00a0Gradskog kazali\u0161ta lutaka Rijeka<\/p>\n<p>[\/et_pb_text][\/et_pb_column][\/et_pb_row][et_pb_row admin_label=&#8221;Row&#8221;][et_pb_column type=&#8221;2_3&#8243;][et_pb_text admin_label=&#8221;Text&#8221; background_layout=&#8221;light&#8221; text_orientation=&#8221;left&#8221; use_border_color=&#8221;off&#8221; border_color=&#8221;#ffffff&#8221; border_style=&#8221;solid&#8221;]<\/p>\n<h2>Osnivanje kazali\u0161ta<\/h2>\n<p>Tijekom tridesetih godina pro\u0161loga stolje\u0107a, u zapadnom talijanskom dijelu grada Rijeke \u2013 Fiume, postojao je ustaljeni lutkarski ansambl, a program se odvijao na talijanskom jeziku. U isto\u010dnom dijelu grada zvanom Su\u0161ak, lutkarsko kazali\u0161te povremeno odr\u017eava predstave na hrvatskom jeziku.<\/p>\n<p>Tek je 1960. godine utemeljeno lutkarsko kazali\u0161te \u201eDomino\u201c kao jedno od pet profesionalnih lutkarskih kazali\u0161ta u Hrvatskoj, a od 1961. djeluje u dana\u0161njem prostoru.<\/p>\n<h2>Utjecaji<\/h2>\n<p>Prvo razdoblje djelovanja obilje\u017eila su dvojca umjetnika: Berislav Brajkovi\u0107 i Ladislav \u0160o\u0161tari\u0107, dok su sedamdesete obilje\u017eene radom Eva Uzumova, Kosovka K. Spaji\u0107, \u017delimir Priji\u0107, Vesna Kauzlari\u0107.<\/p>\n<p>Razdoblje 80-tih temelji se na suradnji s gostuju\u0107im redateljima iz Zagreba (Davor Mladinov) i Ljubljane (Edi Majaron), dok 90-te obilje\u017eava rad s nizom uspje\u0161nih redatelja poput Zvonka Festinija, Edija Majarona, Radovana Mar\u010di\u0107a, Luka Paljetka, Zorana Mu\u017ei\u0107a, Lawrenca Kiirua, Milene Dundov, te gostima iz Poljske Aleksandrom Maksymiakom i Italije Gianfrancom Pedulla.<\/p>\n<p>[\/et_pb_text][\/et_pb_column][et_pb_column type=&#8221;1_3&#8243;][et_pb_blurb admin_label=&#8221;Blurb&#8221; title=&#8221;Prekrasne lutke&#8221; url_new_window=&#8221;off&#8221; use_icon=&#8221;off&#8221; icon_color=&#8221;#2EA3F2&#8243; use_circle=&#8221;off&#8221; circle_color=&#8221;#2EA3F2&#8243; use_circle_border=&#8221;off&#8221; circle_border_color=&#8221;#2EA3F2&#8243; image=&#8221;http:\/\/www.gkl-rijeka.hr\/wp\/wp-content\/uploads\/2014\/SNJEZNA_KRALJICA_278.jpg&#8221; icon_placement=&#8221;top&#8221; animation=&#8221;top&#8221; background_layout=&#8221;light&#8221; text_orientation=&#8221;center&#8221; url=&#8221;http:\/\/www.gkl-rijeka.hr\/wordpress\/index.php\/nagrade\/&#8221; use_icon_font_size=&#8221;off&#8221; use_border_color=&#8221;off&#8221; border_color=&#8221;#ffffff&#8221; border_style=&#8221;solid&#8221; font_icon=&#8221;%%292%%&#8221; header_font=&#8221;|on|||&#8221; header_font_size=&#8221;17&#8243; header_text_color=&#8221;#000000&#8243; custom_css_blurb_title=&#8221;margin-top: -10px;&#8221;]<\/p>\n<p>U\u0111ite u \u010darobni svijet lutaka, svijet ma\u0161te i kreativnosti, veselja i radosti, smijeha i avanture. Na\u0161e lutke su osvaja\u010dice i mnogih nagrada zbog svoje originalnosti!<\/p>\n<p>[\/et_pb_blurb][\/et_pb_column][\/et_pb_row][et_pb_row admin_label=&#8221;Row&#8221;][et_pb_column type=&#8221;4_4&#8243;][et_pb_divider admin_label=&#8221;Divider&#8221; color=&#8221;#ffffff&#8221; show_divider=&#8221;on&#8221; divider_style=&#8221;solid&#8221; divider_position=&#8221;top&#8221; hide_on_mobile=&#8221;on&#8221;] [\/et_pb_divider][\/et_pb_column][\/et_pb_row][et_pb_row admin_label=&#8221;Row&#8221;][et_pb_column type=&#8221;1_3&#8243;][et_pb_blurb admin_label=&#8221;Blurb&#8221; title=&#8221;Gluma\u010dki ansambl&#8221; url=&#8221;http:\/\/www.gkl-rijeka.hr\/wordpress\/index.php\/category\/ansambl\/&#8221; url_new_window=&#8221;off&#8221; use_icon=&#8221;off&#8221; icon_color=&#8221;#2EA3F2&#8243; use_circle=&#8221;off&#8221; circle_color=&#8221;#2EA3F2&#8243; use_circle_border=&#8221;off&#8221; circle_border_color=&#8221;#2EA3F2&#8243; image=&#8221;http:\/\/www.gkl-rijeka.hr\/wp\/wp-content\/uploads\/2014\/SNJEZNA_KRALJICA_385.jpg&#8221; icon_placement=&#8221;top&#8221; animation=&#8221;top&#8221; background_layout=&#8221;light&#8221; text_orientation=&#8221;center&#8221; use_icon_font_size=&#8221;off&#8221; header_font=&#8221;|on|||&#8221; header_font_size=&#8221;17&#8243; header_text_color=&#8221;#000000&#8243; use_border_color=&#8221;off&#8221; border_color=&#8221;#ffffff&#8221; border_style=&#8221;solid&#8221; custom_css_blurb_title=&#8221;margin-top: -10px;&#8221;]<\/p>\n<p>Ponos na\u0161eg kazali\u0161ta su na\u0161i glumci &#8211; ljudi koji daju \u017eivot lutkama. Svojim pristupom, veseljem, znanjem i sposobno\u0161\u0107u, svakodnevno izmamljuju osmijehe na dje\u010dja lica.<\/p>\n<p>[\/et_pb_blurb][\/et_pb_column][et_pb_column type=&#8221;2_3&#8243;][et_pb_text admin_label=&#8221;Text&#8221; background_layout=&#8221;light&#8221; text_orientation=&#8221;left&#8221; use_border_color=&#8221;off&#8221; border_color=&#8221;#ffffff&#8221; border_style=&#8221;solid&#8221;]<\/p>\n<h2>Novo doba<\/h2>\n<p>Godine 1993. kazali\u0161te je preimenovano u Gradsko kazali\u0161te lutaka Rijeka.<\/p>\n<p>Od 1996. u obnovljenoj zgradi sa 180 sjedala svakodnevno se odr\u017eavaju predstave iz doma\u0107e i svjetske knji\u017eevne ba\u0161tine za pred\u0161kolsku i \u0161kolsku djecu. GKL Rijeka ne gaji odre\u0111enu lutkarsku tehniku, nego svaki novi naslov odre\u0111uje prikladni lutkarski izraz. Stoga njeguje predstave s paravanom i u\u017eivo, kombiniranim tehnikama, u maniri \u201eteatro di figure\u201c, maski, gluma\u010dko pjevanje u mjuziklu, \u201ebunraku\u201c, \u201ejavajke\u201c, marionete ruske tradicije i sli\u010dno.<\/p>\n<p>Sve se predstave izvode u\u017eivo. Sudjelovanje GKL na doma\u0107im i svjetskim kazali\u0161nim festivalima i gostovanjima svake godine (u Italiji, Albaniji, Meksiku, Bugarskoj, Turskoj, Ma\u0111arskoj, Finskoj, Francuskoj, Poljskoj, Rumunjskoj, Njema\u010dkoj, Austriji, Rusiji, Ukrajini, Iranu, \u0160vedskoj, Japanu, \u010cehoslova\u010dkoj) a na nekim prvi puta uop\u0107e kao jedini hrvatski predstavnici), pribavilo je rije\u010dkim lutkarima mnogobrojna strukovna priznanja i nagrade, me\u0111u kojima je i \u201eNagrada Grada Rijeke 1995.\u201c<\/p>\n<p>Recentne godine obilje\u017eene su suradnjom sa zna\u010dajnim hrvatskim (Zappia, Mu\u017ei\u0107, Ano\u010di\u0107, Miladinov Langerholz, Medve\u0161ek,) i inozemnim (R. Waltl, Slovenija i A. Maximychev, Rusija) redateljima.<\/p>\n<p>[\/et_pb_text][\/et_pb_column][\/et_pb_row][et_pb_row admin_label=&#8221;Row&#8221;][et_pb_column type=&#8221;4_4&#8243;][et_pb_divider admin_label=&#8221;Divider&#8221; color=&#8221;#ffffff&#8221; show_divider=&#8221;on&#8221; divider_style=&#8221;solid&#8221; divider_position=&#8221;top&#8221; hide_on_mobile=&#8221;on&#8221;] [\/et_pb_divider][\/et_pb_column][\/et_pb_row][et_pb_row admin_label=&#8221;row&#8221;][et_pb_column type=&#8221;2_3&#8243;][et_pb_text admin_label=&#8221;Text&#8221; background_layout=&#8221;light&#8221; text_orientation=&#8221;left&#8221; use_border_color=&#8221;off&#8221; border_color=&#8221;#ffffff&#8221; border_style=&#8221;solid&#8221;]<\/p>\n<h2>Suradnje i uspjesi<\/h2>\n<p>Treba ista\u0107i suradnju s kreatorima lutaka Balabani\u0107, Radoi\u010di\u0107, Krebelj, Bala\u017eevi\u0107, Paladin, Wagner, Laginja, Ogrizovi\u0107, Meljnikova (Rusija), Trejtnar (\u010ce\u0161ka) A, Freyer (Slovenija).<\/p>\n<p>Zaslugom djelatnika GKL, Grad Rijeka vrlo je uspje\u0161no ugostio, prvi put u Hrvatskoj, lutkare iz cijeloga svijeta i odr\u017eao Svjetski kongres u lipnju 2004. godine te obilje\u017eio 75. ro\u0111endan svjetskog udru\u017eenja lutkara UNIMA.<\/p>\n<p>GKL je organizator me\u0111unarodne Revije lutkarskih kazali\u0161ta koja se svake godine odr\u017eava u studenom, a tako\u0111er je \u010dlan Svjetskog udru\u017eenja kazali\u0161ta za djecu i mlade\u017e ASSITEJ.<\/p>\n<p>Od 1993. GKL Rijeka primilo je 68 nagrada, \u0161to kolektivnih \u0161to pojedina\u010dnih nagrada djelatnika i suradnika Kazali\u0161ta.<br \/>\nKazali\u0161te svake godine sudjeluje na zna\u010dajnim hrvatskim festivalima i susretima lutkarstva u Hrvatskoj i inozemstvu.<\/p>\n<p>[\/et_pb_text][\/et_pb_column][et_pb_column type=&#8221;1_3&#8243;][et_pb_blurb admin_label=&#8221;Blurb&#8221; title=&#8221;Zanimljive predstave&#8221; url=&#8221;http:\/\/www.gkl-rijeka.hr\/wordpress\/index.php\/category\/predstave\/&#8221; url_new_window=&#8221;off&#8221; use_icon=&#8221;off&#8221; icon_color=&#8221;#2EA3F2&#8243; use_circle=&#8221;off&#8221; circle_color=&#8221;#2EA3F2&#8243; use_circle_border=&#8221;off&#8221; circle_border_color=&#8221;#2EA3F2&#8243; image=&#8221;http:\/\/www.gkl-rijeka.hr\/wp\/wp-content\/uploads\/2014\/SNJEZNA_KRALJICA_088.jpg&#8221; icon_placement=&#8221;top&#8221; animation=&#8221;top&#8221; background_layout=&#8221;light&#8221; text_orientation=&#8221;center&#8221; use_icon_font_size=&#8221;off&#8221; header_font=&#8221;|on|||&#8221; header_font_size=&#8221;17&#8243; header_text_color=&#8221;#000000&#8243; use_border_color=&#8221;off&#8221; border_color=&#8221;#ffffff&#8221; border_style=&#8221;solid&#8221; custom_css_blurb_title=&#8221;margin-top: -10px;&#8221;]<\/p>\n<p>Pri\u010de pune prekrasnih stvorenja iz svijeta bajki, mitova i legendi. Ma\u0161tovita putovanja i avanture, neke poznate, a neke misteriozne i nove!<\/p>\n<p>[\/et_pb_blurb][\/et_pb_column][\/et_pb_row][et_pb_row admin_label=&#8221;Row&#8221;][et_pb_column type=&#8221;4_4&#8243;][et_pb_divider admin_label=&#8221;Divider&#8221; color=&#8221;#ffffff&#8221; show_divider=&#8221;off&#8221; height=&#8221;30&#8243; divider_style=&#8221;solid&#8221; divider_position=&#8221;top&#8221; hide_on_mobile=&#8221;on&#8221;] [\/et_pb_divider][\/et_pb_column][\/et_pb_row][\/et_pb_section]<\/p>\n","protected":false},"excerpt":{"rendered":"<p>[et_pb_section admin_label=&#8221;section&#8221; fullwidth=&#8221;off&#8221; specialty=&#8221;off&#8221;][et_pb_row admin_label=&#8221;row&#8221; make_fullwidth=&#8221;off&#8221; use_custom_width=&#8221;off&#8221; width_unit=&#8221;on&#8221; use_custom_gutter=&#8221;off&#8221; padding_mobile=&#8221;off&#8221; allow_player_pause=&#8221;off&#8221; parallax=&#8221;off&#8221; parallax_method=&#8221;off&#8221; make_equal=&#8221;off&#8221; column_padding_mobile=&#8221;on&#8221;][et_pb_column type=&#8221;1_4&#8243;][et_pb_number_counter admin_label=&#8221;Number Counter01&#8243; title=&#8221;POSJETILACA GODI\u0160NJE&#8221; number=&#8221;49000&#8243; percent_sign=&#8221;off&#8221; counter_color=&#8221;#428bca&#8221; background_layout=&#8221;light&#8221; use_border_color=&#8221;off&#8221; border_color=&#8221;#ffffff&#8221; border_style=&#8221;solid&#8221; title_font=&#8221;Open Sans Condensed|on|||&#8221; title_font_size=&#8221;18&#8243; title_text_color=&#8221;#428bca&#8221; title_line_height=&#8221;1px&#8221; number_font=&#8221;|on|||&#8221; number_line_height=&#8221;90px&#8221;] [\/et_pb_number_counter][\/et_pb_column][et_pb_column type=&#8221;1_4&#8243;][et_pb_number_counter admin_label=&#8221;Number Counter&#8221; title=&#8221;IZVEDBI GODI\u0160NJE&#8221; number=&#8221;330&#8243; percent_sign=&#8221;off&#8221; counter_color=&#8221;#b50d4c&#8221; background_layout=&#8221;light&#8221; use_border_color=&#8221;off&#8221; border_color=&#8221;#ffffff&#8221; border_style=&#8221;solid&#8221; title_font=&#8221;Open Sans Condensed|on|||&#8221; title_font_size=&#8221;18&#8243; title_text_color=&#8221;#b50d4c&#8221; title_line_height=&#8221;1px&#8221; number_font=&#8221;|on|||&#8221; [&hellip;]<\/p>\n","protected":false},"author":1,"featured_media":0,"parent":0,"menu_order":0,"comment_status":"closed","ping_status":"open","template":"","meta":{"spay_email":""},"yoast_head":"<!-- This site is optimized with the Yoast SEO plugin v15.1.1 - https:\/\/yoast.com\/wordpress\/plugins\/seo\/ -->\n<meta name=\"robots\" content=\"index, follow, max-snippet:-1, max-image-preview:large, max-video-preview:-1\" \/>\n<link rel=\"canonical\" href=\"https:\/\/www.gkl-rijeka.hr\/index.php\/povijest-rijeckog-lutkarstva\/\" \/>\n<meta property=\"og:locale\" content=\"en_US\" \/>\n<meta property=\"og:type\" content=\"article\" \/>\n<meta property=\"og:title\" content=\"Povijest - Gradsko kazali\u0161te lutaka Rijeka\" \/>\n<meta property=\"og:description\" content=\"[et_pb_section admin_label=&#8221;section&#8221; fullwidth=&#8221;off&#8221; specialty=&#8221;off&#8221;][et_pb_row admin_label=&#8221;row&#8221; make_fullwidth=&#8221;off&#8221; use_custom_width=&#8221;off&#8221; width_unit=&#8221;on&#8221; use_custom_gutter=&#8221;off&#8221; padding_mobile=&#8221;off&#8221; allow_player_pause=&#8221;off&#8221; parallax=&#8221;off&#8221; parallax_method=&#8221;off&#8221; make_equal=&#8221;off&#8221; column_padding_mobile=&#8221;on&#8221;][et_pb_column type=&#8221;1_4&#8243;][et_pb_number_counter admin_label=&#8221;Number Counter01&#8243; title=&#8221;POSJETILACA GODI\u0160NJE&#8221; number=&#8221;49000&#8243; percent_sign=&#8221;off&#8221; counter_color=&#8221;#428bca&#8221; background_layout=&#8221;light&#8221; use_border_color=&#8221;off&#8221; border_color=&#8221;#ffffff&#8221; border_style=&#8221;solid&#8221; title_font=&#8221;Open Sans Condensed|on|||&#8221; title_font_size=&#8221;18&#8243; title_text_color=&#8221;#428bca&#8221; title_line_height=&#8221;1px&#8221; number_font=&#8221;|on|||&#8221; number_line_height=&#8221;90px&#8221;] [\/et_pb_number_counter][\/et_pb_column][et_pb_column type=&#8221;1_4&#8243;][et_pb_number_counter admin_label=&#8221;Number Counter&#8221; title=&#8221;IZVEDBI GODI\u0160NJE&#8221; number=&#8221;330&#8243; percent_sign=&#8221;off&#8221; counter_color=&#8221;#b50d4c&#8221; background_layout=&#8221;light&#8221; use_border_color=&#8221;off&#8221; border_color=&#8221;#ffffff&#8221; border_style=&#8221;solid&#8221; title_font=&#8221;Open Sans Condensed|on|||&#8221; title_font_size=&#8221;18&#8243; title_text_color=&#8221;#b50d4c&#8221; title_line_height=&#8221;1px&#8221; number_font=&#8221;|on|||&#8221; [&hellip;]\" \/>\n<meta property=\"og:url\" content=\"https:\/\/www.gkl-rijeka.hr\/index.php\/povijest-rijeckog-lutkarstva\/\" \/>\n<meta property=\"og:site_name\" content=\"Gradsko kazali\u0161te lutaka Rijeka\" \/>\n<meta property=\"article:publisher\" content=\"https:\/\/www.facebook.com\/gkl.rijeka\" \/>\n<meta property=\"article:modified_time\" content=\"2016-04-13T09:33:09+00:00\" \/>\n<meta property=\"og:image\" content=\"https:\/\/www.gkl-rijeka.hr\/wp-content\/uploads\/2020\/10\/promocije.jpg?wsr\" \/>\n\t<meta property=\"og:image:width\" content=\"1920\" \/>\n\t<meta property=\"og:image:height\" content=\"1059\" \/>\n<meta property=\"fb:app_id\" content=\"368762594246882\" \/>\n<meta name=\"twitter:card\" content=\"summary\" \/>\n<script type=\"application\/ld+json\" class=\"yoast-schema-graph\">{\"@context\":\"https:\/\/schema.org\",\"@graph\":[{\"@type\":\"Organization\",\"@id\":\"https:\/\/www.gkl-rijeka.hr\/#organization\",\"name\":\"Gradsko kazali\\u0161te lutaka Rijeka\",\"url\":\"https:\/\/www.gkl-rijeka.hr\/\",\"sameAs\":[\"https:\/\/www.facebook.com\/gkl.rijeka\"],\"logo\":{\"@type\":\"ImageObject\",\"@id\":\"https:\/\/www.gkl-rijeka.hr\/#logo\",\"inLanguage\":\"en-US\",\"url\":\"https:\/\/www.gkl-rijeka.hr\/wp-content\/uploads\/2020\/10\/logo_boja_01.png?wsr\",\"width\":209,\"height\":280,\"caption\":\"Gradsko kazali\\u0161te lutaka Rijeka\"},\"image\":{\"@id\":\"https:\/\/www.gkl-rijeka.hr\/#logo\"}},{\"@type\":\"WebSite\",\"@id\":\"https:\/\/www.gkl-rijeka.hr\/#website\",\"url\":\"https:\/\/www.gkl-rijeka.hr\/\",\"name\":\"Gradsko kazali\\u0161te lutaka Rijeka\",\"description\":\"\",\"publisher\":{\"@id\":\"https:\/\/www.gkl-rijeka.hr\/#organization\"},\"potentialAction\":[{\"@type\":\"SearchAction\",\"target\":\"https:\/\/www.gkl-rijeka.hr\/?s={search_term_string}\",\"query-input\":\"required name=search_term_string\"}],\"inLanguage\":\"en-US\"},{\"@type\":\"WebPage\",\"@id\":\"https:\/\/www.gkl-rijeka.hr\/index.php\/povijest-rijeckog-lutkarstva\/#webpage\",\"url\":\"https:\/\/www.gkl-rijeka.hr\/index.php\/povijest-rijeckog-lutkarstva\/\",\"name\":\"Povijest - Gradsko kazali\\u0161te lutaka Rijeka\",\"isPartOf\":{\"@id\":\"https:\/\/www.gkl-rijeka.hr\/#website\"},\"datePublished\":\"2007-11-28T09:52:43+00:00\",\"dateModified\":\"2016-04-13T09:33:09+00:00\",\"inLanguage\":\"en-US\",\"potentialAction\":[{\"@type\":\"ReadAction\",\"target\":[\"https:\/\/www.gkl-rijeka.hr\/index.php\/povijest-rijeckog-lutkarstva\/\"]}]}]}<\/script>\n<!-- \/ Yoast SEO plugin. -->","_links":{"self":[{"href":"https:\/\/www.gkl-rijeka.hr\/index.php\/wp-json\/wp\/v2\/pages\/1000"}],"collection":[{"href":"https:\/\/www.gkl-rijeka.hr\/index.php\/wp-json\/wp\/v2\/pages"}],"about":[{"href":"https:\/\/www.gkl-rijeka.hr\/index.php\/wp-json\/wp\/v2\/types\/page"}],"author":[{"embeddable":true,"href":"https:\/\/www.gkl-rijeka.hr\/index.php\/wp-json\/wp\/v2\/users\/1"}],"replies":[{"embeddable":true,"href":"https:\/\/www.gkl-rijeka.hr\/index.php\/wp-json\/wp\/v2\/comments?post=1000"}],"version-history":[{"count":12,"href":"https:\/\/www.gkl-rijeka.hr\/index.php\/wp-json\/wp\/v2\/pages\/1000\/revisions"}],"predecessor-version":[{"id":3538,"href":"https:\/\/www.gkl-rijeka.hr\/index.php\/wp-json\/wp\/v2\/pages\/1000\/revisions\/3538"}],"wp:attachment":[{"href":"https:\/\/www.gkl-rijeka.hr\/index.php\/wp-json\/wp\/v2\/media?parent=1000"}],"curies":[{"name":"wp","href":"https:\/\/api.w.org\/{rel}","templated":true}]}}