{"id":3118,"date":"2016-03-07T13:58:29","date_gmt":"2016-03-07T11:58:29","guid":{"rendered":"http:\/\/www.gkl-rijeka.hr\/?page_id=3118"},"modified":"2021-03-25T08:31:24","modified_gmt":"2021-03-25T08:31:24","slug":"lutkofor","status":"publish","type":"page","link":"https:\/\/www.gkl-rijeka.hr\/index.php\/lutkofor\/","title":{"rendered":"Lutkofor"},"content":{"rendered":"<p>[et_pb_section admin_label=&#8221;section&#8221; transparent_background=&#8221;off&#8221; allow_player_pause=&#8221;off&#8221; inner_shadow=&#8221;off&#8221; parallax=&#8221;off&#8221; parallax_method=&#8221;off&#8221; padding_mobile=&#8221;off&#8221; make_fullwidth=&#8221;off&#8221; use_custom_width=&#8221;off&#8221; width_unit=&#8221;on&#8221; make_equal=&#8221;off&#8221; use_custom_gutter=&#8221;off&#8221;][et_pb_row admin_label=&#8221;row&#8221;][et_pb_column type=&#8221;1_2&#8243;][et_pb_text admin_label=&#8221;Naslov&#8221; background_layout=&#8221;light&#8221; text_orientation=&#8221;left&#8221; use_border_color=&#8221;off&#8221; border_color=&#8221;#ffffff&#8221; border_style=&#8221;solid&#8221; custom_css_main_element=&#8221;font-family: Sue Ellen Francisco, cursive;&#8221; text_font_size=&#8221;80&#8243; custom_margin=&#8221;60px||20px|&#8221;]<\/p>\n<p>LUTKOFOR<\/p>\n<p>[\/et_pb_text][et_pb_text admin_label=&#8221;Text&#8221; background_layout=&#8221;light&#8221; text_orientation=&#8221;left&#8221; text_font_size=&#8221;30&#8243; use_border_color=&#8221;off&#8221; border_color=&#8221;#ffffff&#8221; border_style=&#8221;solid&#8221; custom_margin=&#8221;30px|||&#8221; custom_css_main_element=&#8221;font-family: &#8216;Just Me Again Down Here&#8217;, cursive;&#8221; text_line_height=&#8221;1em&#8221;]<\/p>\n<p>Vedrana Balen Spin\u010di\u0107 \u2013 Bo\u017eena Dela\u0161<br \/>\numjetni\u010dko-edukativni projekt za osnovne \u0161kole<br \/>\nRedatelj: Ser\u00f0o Dla\u010di\u0107<\/p>\n<p>[\/et_pb_text][et_pb_text admin_label=&#8221;Text&#8221; background_layout=&#8221;dark&#8221; text_orientation=&#8221;left&#8221; text_font_size=&#8221;16&#8243; use_border_color=&#8221;off&#8221; border_color=&#8221;#ffffff&#8221; border_style=&#8221;solid&#8221;]<\/p>\n<p>Posebni projekt GKL Rijeka osmi\u0161ljen je za ni\u017ee razrede osnovne \u0161kole, a u sebi objedinjuje umjetni\u010dki lutkarski program, dakle lutkarsku predstavu te edukativno-interaktivni dio koji podrazumijeva kazali\u0161no-lutkarsku radionicu s u\u010denicima. Program je kreiran za gostovanje u osnovnim \u0161kolama, u\u010dionicama ili nekom drugom \u0161kolskom prostoru, a radi se o inovativnom projektu kojim djeci pribli\u017eiavamo lutkarsku umjetnost na na\u010din da ih izravno i kroz kazali\u0161ni izri\u010daj podu\u010davamo nastajanju lutkarske predstave te da i gledatelji sami, kroz vlastiti rad kreiraju predstavu i sve \u0161to je za nju potrebno. Radionica je prilago\u0111ena uzrastu djece, odnosno prilago\u0111ava se ovisno o razredu. U tom su smislu pripremljeni i radni listi\u0107i sadr\u017eajno vezani uz kazali\u0161te te \u201ekazali\u0161ni abecedarij\u201c. Projekt je nastao korespondiraju\u0107i s ciljevima i postignu\u0107ima Nacionalnoga okvirnog kurikuluma te je implementacija programa mogu\u0107a u jezi\u010dno-komunikacijsko, dru\u0161tveno-humanisti\u010dko i umjetni\u010dko nastavno podru\u010dje, a mogu\u0107a je i integracija sadr\u017eaja u Gra\u0111anski odgoj.<\/p>\n<p>Lutkofor je dosad posjetio 20 osnovnih \u0161kola Primorsko-goranske \u017eupanije, gostovao na\u00a055. me\u0111unarodnom festivalu djeteta u \u0160ibeniku i sudjelovao u programu Ministarstva kulture Ruksak (pun) kulture.<\/p>\n<p>[\/et_pb_text][\/et_pb_column][et_pb_column type=&#8221;1_2&#8243;][et_pb_image admin_label=&#8221;Image&#8221; src=&#8221;http:\/\/www.gkl-rijeka.hr\/wp-content\/uploads\/2016\/03\/Lutkofor1.jpg&#8221; show_in_lightbox=&#8221;on&#8221; url_new_window=&#8221;off&#8221; animation=&#8221;top&#8221; sticky=&#8221;off&#8221; align=&#8221;left&#8221; force_fullwidth=&#8221;off&#8221; always_center_on_mobile=&#8221;on&#8221; use_border_color=&#8221;on&#8221; border_color=&#8221;#ffffff&#8221; border_style=&#8221;solid&#8221; border_width=&#8221;20px&#8221;]<\/p>\n<p>[\/et_pb_image][\/et_pb_column][\/et_pb_row][et_pb_row admin_label=&#8221;Row&#8221; make_fullwidth=&#8221;off&#8221; use_custom_width=&#8221;off&#8221; width_unit=&#8221;on&#8221; use_custom_gutter=&#8221;off&#8221; padding_mobile=&#8221;off&#8221; allow_player_pause=&#8221;off&#8221; parallax=&#8221;off&#8221; parallax_method=&#8221;off&#8221; make_equal=&#8221;off&#8221; column_padding_mobile=&#8221;on&#8221; custom_padding=&#8221;|100px&#8221;][et_pb_column type=&#8221;4_4&#8243;][et_pb_gallery admin_label=&#8221;Slajder slika&#8221; gallery_ids=&#8221;3139,3140,3141,3142,3143,3144,3145,3146&#8243; fullwidth=&#8221;on&#8221; posts_number=&#8221;8&#8243; show_title_and_caption=&#8221;off&#8221; show_pagination=&#8221;on&#8221; background_layout=&#8221;dark&#8221; auto=&#8221;on&#8221; auto_speed=&#8221;4000&#8243; hover_overlay_color=&#8221;rgba(255,255,255,0.9)&#8221; caption_all_caps=&#8221;off&#8221; use_border_color=&#8221;off&#8221; border_color=&#8221;#ffffff&#8221; border_style=&#8221;solid&#8221; module_class=&#8221;slajderProjekti&#8221;]<\/p>\n<p>[\/et_pb_gallery][\/et_pb_column][\/et_pb_row][\/et_pb_section][et_pb_section admin_label=&#8221;Projekti01&#8243; global_module=&#8221;11402&#8243; fullwidth=&#8221;off&#8221; specialty=&#8221;off&#8221; transparent_background=&#8221;off&#8221; background_color=&#8221;#002d5a&#8221; allow_player_pause=&#8221;off&#8221; inner_shadow=&#8221;off&#8221; parallax=&#8221;off&#8221; parallax_method=&#8221;off&#8221; custom_padding=&#8221;0px|0px&#8221; padding_mobile=&#8221;off&#8221; make_fullwidth=&#8221;off&#8221; use_custom_width=&#8221;off&#8221; width_unit=&#8221;on&#8221; make_equal=&#8221;off&#8221; use_custom_gutter=&#8221;off&#8221; module_id=&#8221;Projekti01&#8243; module_class=&#8221;Projekti01c&#8221;][et_pb_row global_parent=&#8221;11402&#8243; admin_label=&#8221;Row&#8221; make_fullwidth=&#8221;off&#8221; use_custom_width=&#8221;off&#8221; width_unit=&#8221;on&#8221; use_custom_gutter=&#8221;on&#8221; gutter_width=&#8221;1&#8243; padding_mobile=&#8221;off&#8221; background_color=&#8221;#002d5a&#8221; allow_player_pause=&#8221;off&#8221; parallax=&#8221;off&#8221; parallax_method=&#8221;off&#8221; make_equal=&#8221;on&#8221; column_padding_mobile=&#8221;on&#8221; background_color_1=&#8221;rgba(0,0,0,0)&#8221; module_id=&#8221;naslovnaProjektiRow01&#8243; padding_right_1=&#8221;20&#8243; padding_left_1=&#8221;0&#8243; background_color_2=&#8221;rgba(0,0,0,0)&#8221; padding_right_2=&#8221;20&#8243; padding_left_2=&#8221;0&#8243; background_color_3=&#8221;rgba(0,0,0,0)&#8221; padding_right_3=&#8221;20&#8243; padding_left_3=&#8221;0&#8243; background_color_4=&#8221;rgba(0,0,0,0)&#8221; padding_right_4=&#8221;0&#8243; padding_left_4=&#8221;0&#8243;][et_pb_column type=&#8221;1_4&#8243;][et_pb_text global_parent=&#8221;11402&#8243; admin_label=&#8221;naslovProjekti01&#8243; background_layout=&#8221;light&#8221; text_orientation=&#8221;left&#8221; module_id=&#8221;naslovProjekti01&#8243; use_border_color=&#8221;off&#8221; border_color=&#8221;#000000&#8243; border_style=&#8221;dashed&#8221; custom_margin=&#8221;|0px||&#8221; custom_padding=&#8221;|0px||&#8221;]<\/p>\n<h1>Projekti<\/h1>\n<p>[\/et_pb_text][et_pb_image global_parent=&#8221;11402&#8243; admin_label=&#8221;naslovnaProjekt01&#8243; src=&#8221;\/wp-content\/uploads\/2015\/10\/Lutkofor.jpg&#8221; show_in_lightbox=&#8221;off&#8221; url=&#8221;\/index.php\/lutkofor\/&#8221; url_new_window=&#8221;off&#8221; animation=&#8221;off&#8221; sticky=&#8221;off&#8221; align=&#8221;center&#8221; module_id=&#8221;naslovnaProjekt01&#8243; force_fullwidth=&#8221;off&#8221; always_center_on_mobile=&#8221;on&#8221; use_border_color=&#8221;off&#8221; border_color=&#8221;#ffffff&#8221; border_style=&#8221;solid&#8221;]<\/p>\n<p>[\/et_pb_image][\/et_pb_column][et_pb_column type=&#8221;1_4&#8243;][et_pb_text global_parent=&#8221;11402&#8243; admin_label=&#8221;naslovPrazan01&#8243; background_layout=&#8221;light&#8221; text_orientation=&#8221;left&#8221; module_id=&#8221;naslovPrazan01&#8243; use_border_color=&#8221;off&#8221; border_color=&#8221;#000000&#8243; border_style=&#8221;dashed&#8221; custom_margin=&#8221;|0px||&#8221; custom_padding=&#8221;|0px||&#8221;]<\/p>\n<h1><\/h1>\n<p>[\/et_pb_text][et_pb_image global_parent=&#8221;11402&#8243; admin_label=&#8221;naslovnaProjekt02&#8243; src=&#8221;\/wp-content\/uploads\/2015\/10\/radionice.jpg&#8221; show_in_lightbox=&#8221;off&#8221; url=&#8221;\/index.php\/radionice\/&#8221; url_new_window=&#8221;off&#8221; animation=&#8221;off&#8221; sticky=&#8221;off&#8221; align=&#8221;center&#8221; module_id=&#8221;naslovnaProjekt02&#8243; force_fullwidth=&#8221;off&#8221; always_center_on_mobile=&#8221;on&#8221; use_border_color=&#8221;off&#8221; border_color=&#8221;#ffffff&#8221; border_style=&#8221;solid&#8221;]<\/p>\n<p>[\/et_pb_image][\/et_pb_column][et_pb_column type=&#8221;1_4&#8243;][et_pb_text global_parent=&#8221;11402&#8243; admin_label=&#8221;naslovPrazan02&#8243; background_layout=&#8221;light&#8221; text_orientation=&#8221;left&#8221; module_id=&#8221;naslovPrazan02&#8243; use_border_color=&#8221;off&#8221; border_color=&#8221;#000000&#8243; border_style=&#8221;dashed&#8221; custom_margin=&#8221;|0px||&#8221; custom_padding=&#8221;|0px||&#8221;]<\/p>\n<h1><\/h1>\n<p>[\/et_pb_text][et_pb_image global_parent=&#8221;11402&#8243; admin_label=&#8221;naslovnaProjekt03&#8243; show_in_lightbox=&#8221;off&#8221; url_new_window=&#8221;off&#8221; animation=&#8221;off&#8221; sticky=&#8221;off&#8221; align=&#8221;left&#8221; force_fullwidth=&#8221;off&#8221; always_center_on_mobile=&#8221;on&#8221; use_border_color=&#8221;off&#8221; border_color=&#8221;#ffffff&#8221; border_style=&#8221;solid&#8221; src=&#8221;http:\/\/www.gkl-rijeka.hr\/wp-content\/uploads\/2019\/06\/630610a49ec5b5ebe7bec2d0aeced5b6_gallery_lw.png&#8221; url=&#8221;http:\/\/www.gkl-rijeka.hr\/index.php\/wandina-mala-radionica\/&#8221;]<\/p>\n<p>[\/et_pb_image][\/et_pb_column][et_pb_column type=&#8221;1_4&#8243;][et_pb_text global_parent=&#8221;11402&#8243; admin_label=&#8221;naslovPrazan03&#8243; background_layout=&#8221;light&#8221; text_orientation=&#8221;left&#8221; module_id=&#8221;naslovPrazan03&#8243; use_border_color=&#8221;off&#8221; border_color=&#8221;#000000&#8243; border_style=&#8221;dashed&#8221; custom_margin=&#8221;|0px||&#8221; custom_padding=&#8221;|0px||&#8221;]<\/p>\n<h1><\/h1>\n<p>[\/et_pb_text][et_pb_image global_parent=&#8221;11402&#8243; admin_label=&#8221;naslovnaProjekt04&#8243; src=&#8221;http:\/\/www.gkl-rijeka.hr\/wp-content\/uploads\/2021\/03\/Teatromanija_main03.png&#8221; show_in_lightbox=&#8221;off&#8221; url=&#8221;\/index.php\/teatromanija\/&#8221; url_new_window=&#8221;off&#8221; animation=&#8221;off&#8221; sticky=&#8221;off&#8221; align=&#8221;center&#8221; module_id=&#8221;naslovnaProjekt04&#8243; force_fullwidth=&#8221;off&#8221; always_center_on_mobile=&#8221;on&#8221; use_border_color=&#8221;off&#8221; border_color=&#8221;#ffffff&#8221; border_style=&#8221;solid&#8221;]<\/p>\n<p>[\/et_pb_image][\/et_pb_column][\/et_pb_row][\/et_pb_section][et_pb_section admin_label=&#8221;Section&#8221; fullwidth=&#8221;off&#8221; specialty=&#8221;off&#8221;][et_pb_row admin_label=&#8221;Row&#8221;][et_pb_column type=&#8221;4_4&#8243;][et_pb_divider admin_label=&#8221;Divider&#8221; color=&#8221;#ffffff&#8221; show_divider=&#8221;off&#8221; height=&#8221;40&#8243; divider_style=&#8221;solid&#8221; divider_position=&#8221;top&#8221; hide_on_mobile=&#8221;on&#8221;]<\/p>\n<p>[\/et_pb_divider][\/et_pb_column][\/et_pb_row][\/et_pb_section]<\/p>\n","protected":false},"excerpt":{"rendered":"<p>[et_pb_section admin_label=&#8221;section&#8221; transparent_background=&#8221;off&#8221; allow_player_pause=&#8221;off&#8221; inner_shadow=&#8221;off&#8221; parallax=&#8221;off&#8221; parallax_method=&#8221;off&#8221; padding_mobile=&#8221;off&#8221; make_fullwidth=&#8221;off&#8221; use_custom_width=&#8221;off&#8221; width_unit=&#8221;on&#8221; make_equal=&#8221;off&#8221; use_custom_gutter=&#8221;off&#8221;][et_pb_row admin_label=&#8221;row&#8221;][et_pb_column type=&#8221;1_2&#8243;][et_pb_text admin_label=&#8221;Naslov&#8221; background_layout=&#8221;light&#8221; text_orientation=&#8221;left&#8221; use_border_color=&#8221;off&#8221; border_color=&#8221;#ffffff&#8221; border_style=&#8221;solid&#8221; custom_css_main_element=&#8221;font-family: Sue Ellen Francisco, cursive;&#8221; text_font_size=&#8221;80&#8243; custom_margin=&#8221;60px||20px|&#8221;] LUTKOFOR [\/et_pb_text][et_pb_text admin_label=&#8221;Text&#8221; background_layout=&#8221;light&#8221; text_orientation=&#8221;left&#8221; text_font_size=&#8221;30&#8243; use_border_color=&#8221;off&#8221; border_color=&#8221;#ffffff&#8221; border_style=&#8221;solid&#8221; custom_margin=&#8221;30px|||&#8221; custom_css_main_element=&#8221;font-family: &#8216;Just Me Again Down Here&#8217;, cursive;&#8221; text_line_height=&#8221;1em&#8221;] Vedrana Balen Spin\u010di\u0107 \u2013 Bo\u017eena Dela\u0161 umjetni\u010dko-edukativni projekt za [&hellip;]<\/p>\n","protected":false},"author":1,"featured_media":0,"parent":0,"menu_order":0,"comment_status":"closed","ping_status":"closed","template":"","meta":{"spay_email":""},"yoast_head":"<!-- This site is optimized with the Yoast SEO plugin v15.1.1 - https:\/\/yoast.com\/wordpress\/plugins\/seo\/ -->\n<meta name=\"robots\" content=\"index, follow, max-snippet:-1, max-image-preview:large, max-video-preview:-1\" \/>\n<link rel=\"canonical\" href=\"https:\/\/www.gkl-rijeka.hr\/index.php\/lutkofor\/\" \/>\n<meta property=\"og:locale\" content=\"en_US\" \/>\n<meta property=\"og:type\" content=\"article\" \/>\n<meta property=\"og:title\" content=\"Lutkofor - Gradsko kazali\u0161te lutaka Rijeka\" \/>\n<meta property=\"og:description\" content=\"[et_pb_section admin_label=&#8221;section&#8221; transparent_background=&#8221;off&#8221; allow_player_pause=&#8221;off&#8221; inner_shadow=&#8221;off&#8221; parallax=&#8221;off&#8221; parallax_method=&#8221;off&#8221; padding_mobile=&#8221;off&#8221; make_fullwidth=&#8221;off&#8221; use_custom_width=&#8221;off&#8221; width_unit=&#8221;on&#8221; make_equal=&#8221;off&#8221; use_custom_gutter=&#8221;off&#8221;][et_pb_row admin_label=&#8221;row&#8221;][et_pb_column type=&#8221;1_2&#8243;][et_pb_text admin_label=&#8221;Naslov&#8221; background_layout=&#8221;light&#8221; text_orientation=&#8221;left&#8221; use_border_color=&#8221;off&#8221; border_color=&#8221;#ffffff&#8221; border_style=&#8221;solid&#8221; custom_css_main_element=&#8221;font-family: Sue Ellen Francisco, cursive;&#8221; text_font_size=&#8221;80&#8243; custom_margin=&#8221;60px||20px|&#8221;] LUTKOFOR [\/et_pb_text][et_pb_text admin_label=&#8221;Text&#8221; background_layout=&#8221;light&#8221; text_orientation=&#8221;left&#8221; text_font_size=&#8221;30&#8243; use_border_color=&#8221;off&#8221; border_color=&#8221;#ffffff&#8221; border_style=&#8221;solid&#8221; custom_margin=&#8221;30px|||&#8221; custom_css_main_element=&#8221;font-family: &#8216;Just Me Again Down Here&#8217;, cursive;&#8221; text_line_height=&#8221;1em&#8221;] Vedrana Balen Spin\u010di\u0107 \u2013 Bo\u017eena Dela\u0161 umjetni\u010dko-edukativni projekt za [&hellip;]\" \/>\n<meta property=\"og:url\" content=\"https:\/\/www.gkl-rijeka.hr\/index.php\/lutkofor\/\" \/>\n<meta property=\"og:site_name\" content=\"Gradsko kazali\u0161te lutaka Rijeka\" \/>\n<meta property=\"article:publisher\" content=\"https:\/\/www.facebook.com\/gkl.rijeka\" \/>\n<meta property=\"article:modified_time\" content=\"2021-03-25T08:31:24+00:00\" \/>\n<meta property=\"og:image\" content=\"https:\/\/www.gkl-rijeka.hr\/wp-content\/uploads\/2020\/10\/promocije.jpg?wsr\" \/>\n\t<meta property=\"og:image:width\" content=\"1920\" \/>\n\t<meta property=\"og:image:height\" content=\"1059\" \/>\n<meta property=\"fb:app_id\" content=\"368762594246882\" \/>\n<meta name=\"twitter:card\" content=\"summary\" \/>\n<script type=\"application\/ld+json\" class=\"yoast-schema-graph\">{\"@context\":\"https:\/\/schema.org\",\"@graph\":[{\"@type\":\"Organization\",\"@id\":\"https:\/\/www.gkl-rijeka.hr\/#organization\",\"name\":\"Gradsko kazali\\u0161te lutaka Rijeka\",\"url\":\"https:\/\/www.gkl-rijeka.hr\/\",\"sameAs\":[\"https:\/\/www.facebook.com\/gkl.rijeka\"],\"logo\":{\"@type\":\"ImageObject\",\"@id\":\"https:\/\/www.gkl-rijeka.hr\/#logo\",\"inLanguage\":\"en-US\",\"url\":\"https:\/\/www.gkl-rijeka.hr\/wp-content\/uploads\/2020\/10\/logo_boja_01.png?wsr\",\"width\":209,\"height\":280,\"caption\":\"Gradsko kazali\\u0161te lutaka Rijeka\"},\"image\":{\"@id\":\"https:\/\/www.gkl-rijeka.hr\/#logo\"}},{\"@type\":\"WebSite\",\"@id\":\"https:\/\/www.gkl-rijeka.hr\/#website\",\"url\":\"https:\/\/www.gkl-rijeka.hr\/\",\"name\":\"Gradsko kazali\\u0161te lutaka Rijeka\",\"description\":\"\",\"publisher\":{\"@id\":\"https:\/\/www.gkl-rijeka.hr\/#organization\"},\"potentialAction\":[{\"@type\":\"SearchAction\",\"target\":\"https:\/\/www.gkl-rijeka.hr\/?s={search_term_string}\",\"query-input\":\"required name=search_term_string\"}],\"inLanguage\":\"en-US\"},{\"@type\":\"WebPage\",\"@id\":\"https:\/\/www.gkl-rijeka.hr\/index.php\/lutkofor\/#webpage\",\"url\":\"https:\/\/www.gkl-rijeka.hr\/index.php\/lutkofor\/\",\"name\":\"Lutkofor - Gradsko kazali\\u0161te lutaka Rijeka\",\"isPartOf\":{\"@id\":\"https:\/\/www.gkl-rijeka.hr\/#website\"},\"datePublished\":\"2016-03-07T11:58:29+00:00\",\"dateModified\":\"2021-03-25T08:31:24+00:00\",\"inLanguage\":\"en-US\",\"potentialAction\":[{\"@type\":\"ReadAction\",\"target\":[\"https:\/\/www.gkl-rijeka.hr\/index.php\/lutkofor\/\"]}]}]}<\/script>\n<!-- \/ Yoast SEO plugin. -->","_links":{"self":[{"href":"https:\/\/www.gkl-rijeka.hr\/index.php\/wp-json\/wp\/v2\/pages\/3118"}],"collection":[{"href":"https:\/\/www.gkl-rijeka.hr\/index.php\/wp-json\/wp\/v2\/pages"}],"about":[{"href":"https:\/\/www.gkl-rijeka.hr\/index.php\/wp-json\/wp\/v2\/types\/page"}],"author":[{"embeddable":true,"href":"https:\/\/www.gkl-rijeka.hr\/index.php\/wp-json\/wp\/v2\/users\/1"}],"replies":[{"embeddable":true,"href":"https:\/\/www.gkl-rijeka.hr\/index.php\/wp-json\/wp\/v2\/comments?post=3118"}],"version-history":[{"count":20,"href":"https:\/\/www.gkl-rijeka.hr\/index.php\/wp-json\/wp\/v2\/pages\/3118\/revisions"}],"predecessor-version":[{"id":11411,"href":"https:\/\/www.gkl-rijeka.hr\/index.php\/wp-json\/wp\/v2\/pages\/3118\/revisions\/11411"}],"wp:attachment":[{"href":"https:\/\/www.gkl-rijeka.hr\/index.php\/wp-json\/wp\/v2\/media?parent=3118"}],"curies":[{"name":"wp","href":"https:\/\/api.w.org\/{rel}","templated":true}]}}