{"id":3120,"date":"2016-03-07T13:58:52","date_gmt":"2016-03-07T11:58:52","guid":{"rendered":"http:\/\/www.gkl-rijeka.hr\/?page_id=3120"},"modified":"2021-03-25T08:31:31","modified_gmt":"2021-03-25T08:31:31","slug":"radionice","status":"publish","type":"page","link":"https:\/\/www.gkl-rijeka.hr\/index.php\/radionice\/","title":{"rendered":"Radionice"},"content":{"rendered":"<p>[et_pb_section admin_label=&#8221;section&#8221; transparent_background=&#8221;off&#8221; allow_player_pause=&#8221;off&#8221; inner_shadow=&#8221;off&#8221; parallax=&#8221;off&#8221; parallax_method=&#8221;off&#8221; padding_mobile=&#8221;off&#8221; make_fullwidth=&#8221;off&#8221; use_custom_width=&#8221;off&#8221; width_unit=&#8221;on&#8221; make_equal=&#8221;off&#8221; use_custom_gutter=&#8221;off&#8221;][et_pb_row admin_label=&#8221;row&#8221;][et_pb_column type=&#8221;1_2&#8243;][et_pb_text admin_label=&#8221;Naslov&#8221; background_layout=&#8221;light&#8221; text_orientation=&#8221;left&#8221; text_font_size=&#8221;80&#8243; use_border_color=&#8221;off&#8221; border_color=&#8221;#ffffff&#8221; border_style=&#8221;solid&#8221; custom_css_main_element=&#8221;font-family: Sue Ellen Francisco, cursive;&#8221;]<\/p>\n<p>RADIONICE<\/p>\n<p>[\/et_pb_text][et_pb_divider admin_label=&#8221;Divider&#8221; color=&#8221;#ffffff&#8221; show_divider=&#8221;off&#8221; height=&#8221;10&#8243; divider_style=&#8221;solid&#8221; divider_position=&#8221;top&#8221; hide_on_mobile=&#8221;on&#8221;]<\/p>\n<p>[\/et_pb_divider][et_pb_text admin_label=&#8221;Text&#8221; background_layout=&#8221;light&#8221; text_orientation=&#8221;left&#8221; text_font_size=&#8221;30&#8243; text_line_height=&#8221;1em&#8221; use_border_color=&#8221;off&#8221; border_color=&#8221;#ffffff&#8221; border_style=&#8221;solid&#8221; custom_css_main_element=&#8221;font-family: &#8216;Just Me Again Down Here&#8217;, cursive;&#8221;]<\/p>\n<h1>Reci lutka<\/h1>\n<p>[\/et_pb_text][et_pb_text admin_label=&#8221;Text&#8221; background_layout=&#8221;light&#8221; text_orientation=&#8221;left&#8221; text_font_size=&#8221;16&#8243; use_border_color=&#8221;off&#8221; border_color=&#8221;#ffffff&#8221; border_style=&#8221;solid&#8221;]<\/p>\n<p><strong>Recikla\u017ena obiteljska radionica izrade lutaka<\/strong><\/p>\n<p>Gradsko kazali\u0161te lutaka Rijeka, osim izvedbenog lutkarskog programa, nudi i kreativne likovne radionice za djecu i obitelji, a jedan od takvih projekata je radionica Reci lutka! u kojoj se od recikla\u017enog materijala izra\u0111uju lutke koje osmi\u0161ljavaju i izra\u0111uju djeca uz pomo\u0107 voditelja, likovnih umjetnika. Ne radi se o klasi\u010dnim recikla\u017enim materijalima, ve\u0107 odba\u010denim starim i vi\u0161e neupotrebljivim predmetima i materijalima koje sudionici radionice donose od ku\u0107e. Dakle, radionica uklju\u010duje i uvodnu pripremu jer su djeca (i njihovi \u010dlanovi obitelji) pozvani da donesu materijale i predmete \u0161to ih motivira na razmi\u0161ljanje o stvarima koje imaju kod ku\u0107e, koliko im zna\u010de, \u0161to su s njima radili i jesu li im vi\u0161e potrebni. Radionica tako\u0111er poti\u010de sudionike da osvijeste vi\u0161eupotrebljivost svega \u0161to nas okru\u017euje \u0161to je danas, u materijalisti\u010dkom i kapitalisti\u010dkom dru\u0161tvu ostalo samo u tragovima. Dakle, djeca su nau\u010dena na kupovanje svega u trgovinama te olako odbacivanje igra\u010daka koje su prepotro\u0161ne, dok izradom svoje lutke\/igra\u010dke, djeca (i obitelji) ponovno vra\u0107aju vrijednost predmetima u \u010diju je izradu ulo\u017eena kreativnost, rad, ljubav i vje\u0161tina, uvi\u0111aju koliko je ljep\u0161e stvaranje od uni\u0161tavanja i gomilanja.<\/p>\n<p>&nbsp;<\/p>\n<p>Radionica je namijenjena djeci uzrasta od 4 godine navi\u0161e i njihovim \u010dlanovima obitelji u pratnji koji tako\u0111er aktivno sudjeluju te se i kroz kreativni izraz povezuju sa svojom djecom i zajedni\u010dki provode korisno slobodno vrijeme. Maksimalan broj sudionika je 30 uz prethodnu prijavu organizatoru (po\u017eeljno je unaprijed znati uzrast svakog djeteta koje sudjeluje). Sudinici su pozvani da od ku\u0107e donesu stare, odba\u010dene i neupotrebljive predmete popout poderane odje\u0107e, starih ki\u0161obrana, kuhinjskih predmeta ili bilo \u010dega \u0161to \u017eele pretvoriti u ne\u0161to novo. Radionica se mo\u017ee prilago\u0111avati ovisno o periodu odr\u017eavanja tj. mogu tematski biti usmjerene na odre\u0111ene blagdane, obljetnice ili sli\u010dno. Tako u prosincu Reci lutka! mo\u017ee biti bo\u017ei\u0107no &#8211; novogodi\u0161njeg predznaka, ali po navedenom principu.<\/p>\n<p>Trajanje radionice max. 3 sata.<\/p>\n<p>[\/et_pb_text][et_pb_divider admin_label=&#8221;Divider&#8221; color=&#8221;#ffffff&#8221; show_divider=&#8221;off&#8221; height=&#8221;10&#8243; divider_style=&#8221;solid&#8221; divider_position=&#8221;top&#8221; hide_on_mobile=&#8221;on&#8221;]<\/p>\n<p>[\/et_pb_divider][et_pb_text admin_label=&#8221;Text&#8221; background_layout=&#8221;light&#8221; text_orientation=&#8221;left&#8221; text_font_size=&#8221;30&#8243; use_border_color=&#8221;off&#8221; border_color=&#8221;#ffffff&#8221; border_style=&#8221;solid&#8221; custom_margin=&#8221;30px|||&#8221; custom_css_main_element=&#8221;font-family: &#8216;Just Me Again Down Here&#8217;, cursive;&#8221; text_line_height=&#8221;1em&#8221;]<\/p>\n<h1>Lutkarsko-dramske radionice<\/h1>\n<p>[\/et_pb_text][et_pb_text admin_label=&#8221;Text&#8221; background_layout=&#8221;light&#8221; text_orientation=&#8221;left&#8221; text_font_size=&#8221;16&#8243; use_border_color=&#8221;off&#8221; border_color=&#8221;#ffffff&#8221; border_style=&#8221;solid&#8221;]<\/p>\n<p>Lutkarsko-dramske radionice, koje \u0107e se odr\u017eavati u vrijeme \u0161kolskih praznika u Gradskom kazali\u0161tu lutaka Rijeka, vodit \u0107e profesionalni i akademski glumci-lutkari GKL Rijeka, a njima \u0107e se promicati lutkarska kazali\u0161na umjetnost i stvarala\u0161tvo. Kod polaznika \u0107e se poticati razvoj pa\u017enje, glasa, govorne izra\u017eajnosti, koncentracije, pam\u0107enja, kreativnosti, ma\u0161te i zajedni\u0161tva te \u0107e se polaznici upoznati s animacijom predmeta, odnosno kroz igru predmeta osmi\u0161ljavat \u0107e svoju predstavu u obliku stolnog teatra. U\u010dit \u0107e kako lutki ili objektu dati glas, karakter i udahnuti mu \u017eivot, a tako\u0111er \u0107e se kroz razli\u010dite gluma\u010dke vje\u017ebe govora i pokreta upoznavati s gluma\u010dkim pozivom i osvje\u0161tavati osobne kvalitete i sposobnosti i razvijati ih.<\/p>\n<p>Detaljnije informacije o radionicama bit \u0107e pravovremeno objavljene na na\u0161im internetskim stranicama i Facebook profilu.<\/p>\n<p>[\/et_pb_text][\/et_pb_column][et_pb_column type=&#8221;1_2&#8243;][et_pb_image admin_label=&#8221;Image&#8221; src=&#8221;http:\/\/www.gkl-rijeka.hr\/wp-content\/uploads\/2016\/03\/radionica1.jpg&#8221; show_in_lightbox=&#8221;on&#8221; url_new_window=&#8221;off&#8221; animation=&#8221;top&#8221; sticky=&#8221;off&#8221; align=&#8221;left&#8221; force_fullwidth=&#8221;off&#8221; always_center_on_mobile=&#8221;on&#8221; use_border_color=&#8221;on&#8221; border_color=&#8221;#ffffff&#8221; border_style=&#8221;solid&#8221; border_width=&#8221;20px&#8221;]<\/p>\n<p>[\/et_pb_image][\/et_pb_column][\/et_pb_row][et_pb_row admin_label=&#8221;Row&#8221; make_fullwidth=&#8221;off&#8221; use_custom_width=&#8221;off&#8221; width_unit=&#8221;on&#8221; use_custom_gutter=&#8221;off&#8221; padding_mobile=&#8221;off&#8221; allow_player_pause=&#8221;off&#8221; parallax=&#8221;off&#8221; parallax_method=&#8221;off&#8221; make_equal=&#8221;off&#8221; column_padding_mobile=&#8221;on&#8221; custom_padding=&#8221;|100px&#8221;][et_pb_column type=&#8221;4_4&#8243;][et_pb_gallery admin_label=&#8221;Slajder slika&#8221; gallery_ids=&#8221;3182,3181,3169,3171,3172,3173,3175,3176,3178,3179,3180,3183,3184&#8243; fullwidth=&#8221;on&#8221; posts_number=&#8221;13&#8243; show_title_and_caption=&#8221;off&#8221; show_pagination=&#8221;on&#8221; background_layout=&#8221;dark&#8221; auto=&#8221;on&#8221; auto_speed=&#8221;4000&#8243; hover_overlay_color=&#8221;rgba(255,255,255,0.9)&#8221; caption_all_caps=&#8221;off&#8221; use_border_color=&#8221;off&#8221; border_color=&#8221;#ffffff&#8221; border_style=&#8221;solid&#8221; module_class=&#8221;slajderProjekti&#8221;]<\/p>\n<p>[\/et_pb_gallery][\/et_pb_column][\/et_pb_row][\/et_pb_section][et_pb_section admin_label=&#8221;Projekti01&#8243; global_module=&#8221;11402&#8243; fullwidth=&#8221;off&#8221; specialty=&#8221;off&#8221; transparent_background=&#8221;off&#8221; background_color=&#8221;#002d5a&#8221; allow_player_pause=&#8221;off&#8221; inner_shadow=&#8221;off&#8221; parallax=&#8221;off&#8221; parallax_method=&#8221;off&#8221; custom_padding=&#8221;0px|0px&#8221; padding_mobile=&#8221;off&#8221; make_fullwidth=&#8221;off&#8221; use_custom_width=&#8221;off&#8221; width_unit=&#8221;on&#8221; make_equal=&#8221;off&#8221; use_custom_gutter=&#8221;off&#8221; module_id=&#8221;Projekti01&#8243; module_class=&#8221;Projekti01c&#8221;][et_pb_row global_parent=&#8221;11402&#8243; admin_label=&#8221;Row&#8221; make_fullwidth=&#8221;off&#8221; use_custom_width=&#8221;off&#8221; width_unit=&#8221;on&#8221; use_custom_gutter=&#8221;on&#8221; gutter_width=&#8221;1&#8243; padding_mobile=&#8221;off&#8221; background_color=&#8221;#002d5a&#8221; allow_player_pause=&#8221;off&#8221; parallax=&#8221;off&#8221; parallax_method=&#8221;off&#8221; make_equal=&#8221;on&#8221; column_padding_mobile=&#8221;on&#8221; background_color_1=&#8221;rgba(0,0,0,0)&#8221; module_id=&#8221;naslovnaProjektiRow01&#8243; padding_right_1=&#8221;20&#8243; padding_left_1=&#8221;0&#8243; background_color_2=&#8221;rgba(0,0,0,0)&#8221; padding_right_2=&#8221;20&#8243; padding_left_2=&#8221;0&#8243; background_color_3=&#8221;rgba(0,0,0,0)&#8221; padding_right_3=&#8221;20&#8243; padding_left_3=&#8221;0&#8243; background_color_4=&#8221;rgba(0,0,0,0)&#8221; padding_right_4=&#8221;0&#8243; padding_left_4=&#8221;0&#8243;][et_pb_column type=&#8221;1_4&#8243;][et_pb_text global_parent=&#8221;11402&#8243; admin_label=&#8221;naslovProjekti01&#8243; background_layout=&#8221;light&#8221; text_orientation=&#8221;left&#8221; module_id=&#8221;naslovProjekti01&#8243; use_border_color=&#8221;off&#8221; border_color=&#8221;#000000&#8243; border_style=&#8221;dashed&#8221; custom_margin=&#8221;|0px||&#8221; custom_padding=&#8221;|0px||&#8221;]<\/p>\n<h1>Projekti<\/h1>\n<p>[\/et_pb_text][et_pb_image global_parent=&#8221;11402&#8243; admin_label=&#8221;naslovnaProjekt01&#8243; src=&#8221;\/wp-content\/uploads\/2015\/10\/Lutkofor.jpg&#8221; show_in_lightbox=&#8221;off&#8221; url=&#8221;\/index.php\/lutkofor\/&#8221; url_new_window=&#8221;off&#8221; animation=&#8221;off&#8221; sticky=&#8221;off&#8221; align=&#8221;center&#8221; module_id=&#8221;naslovnaProjekt01&#8243; force_fullwidth=&#8221;off&#8221; always_center_on_mobile=&#8221;on&#8221; use_border_color=&#8221;off&#8221; border_color=&#8221;#ffffff&#8221; border_style=&#8221;solid&#8221;]<\/p>\n<p>[\/et_pb_image][\/et_pb_column][et_pb_column type=&#8221;1_4&#8243;][et_pb_text global_parent=&#8221;11402&#8243; admin_label=&#8221;naslovPrazan01&#8243; background_layout=&#8221;light&#8221; text_orientation=&#8221;left&#8221; module_id=&#8221;naslovPrazan01&#8243; use_border_color=&#8221;off&#8221; border_color=&#8221;#000000&#8243; border_style=&#8221;dashed&#8221; custom_margin=&#8221;|0px||&#8221; custom_padding=&#8221;|0px||&#8221;]<\/p>\n<h1><\/h1>\n<p>[\/et_pb_text][et_pb_image global_parent=&#8221;11402&#8243; admin_label=&#8221;naslovnaProjekt02&#8243; src=&#8221;\/wp-content\/uploads\/2015\/10\/radionice.jpg&#8221; show_in_lightbox=&#8221;off&#8221; url=&#8221;\/index.php\/radionice\/&#8221; url_new_window=&#8221;off&#8221; animation=&#8221;off&#8221; sticky=&#8221;off&#8221; align=&#8221;center&#8221; module_id=&#8221;naslovnaProjekt02&#8243; force_fullwidth=&#8221;off&#8221; always_center_on_mobile=&#8221;on&#8221; use_border_color=&#8221;off&#8221; border_color=&#8221;#ffffff&#8221; border_style=&#8221;solid&#8221;]<\/p>\n<p>[\/et_pb_image][\/et_pb_column][et_pb_column type=&#8221;1_4&#8243;][et_pb_text global_parent=&#8221;11402&#8243; admin_label=&#8221;naslovPrazan02&#8243; background_layout=&#8221;light&#8221; text_orientation=&#8221;left&#8221; module_id=&#8221;naslovPrazan02&#8243; use_border_color=&#8221;off&#8221; border_color=&#8221;#000000&#8243; border_style=&#8221;dashed&#8221; custom_margin=&#8221;|0px||&#8221; custom_padding=&#8221;|0px||&#8221;]<\/p>\n<h1><\/h1>\n<p>[\/et_pb_text][et_pb_image global_parent=&#8221;11402&#8243; admin_label=&#8221;naslovnaProjekt03&#8243; show_in_lightbox=&#8221;off&#8221; url_new_window=&#8221;off&#8221; animation=&#8221;off&#8221; sticky=&#8221;off&#8221; align=&#8221;left&#8221; force_fullwidth=&#8221;off&#8221; always_center_on_mobile=&#8221;on&#8221; use_border_color=&#8221;off&#8221; border_color=&#8221;#ffffff&#8221; border_style=&#8221;solid&#8221; src=&#8221;http:\/\/www.gkl-rijeka.hr\/wp-content\/uploads\/2019\/06\/630610a49ec5b5ebe7bec2d0aeced5b6_gallery_lw.png&#8221; url=&#8221;http:\/\/www.gkl-rijeka.hr\/index.php\/wandina-mala-radionica\/&#8221;]<\/p>\n<p>[\/et_pb_image][\/et_pb_column][et_pb_column type=&#8221;1_4&#8243;][et_pb_text global_parent=&#8221;11402&#8243; admin_label=&#8221;naslovPrazan03&#8243; background_layout=&#8221;light&#8221; text_orientation=&#8221;left&#8221; module_id=&#8221;naslovPrazan03&#8243; use_border_color=&#8221;off&#8221; border_color=&#8221;#000000&#8243; border_style=&#8221;dashed&#8221; custom_margin=&#8221;|0px||&#8221; custom_padding=&#8221;|0px||&#8221;]<\/p>\n<h1><\/h1>\n<p>[\/et_pb_text][et_pb_image global_parent=&#8221;11402&#8243; admin_label=&#8221;naslovnaProjekt04&#8243; src=&#8221;http:\/\/www.gkl-rijeka.hr\/wp-content\/uploads\/2021\/03\/Teatromanija_main03.png&#8221; show_in_lightbox=&#8221;off&#8221; url=&#8221;\/index.php\/teatromanija\/&#8221; url_new_window=&#8221;off&#8221; animation=&#8221;off&#8221; sticky=&#8221;off&#8221; align=&#8221;center&#8221; module_id=&#8221;naslovnaProjekt04&#8243; force_fullwidth=&#8221;off&#8221; always_center_on_mobile=&#8221;on&#8221; use_border_color=&#8221;off&#8221; border_color=&#8221;#ffffff&#8221; border_style=&#8221;solid&#8221;]<\/p>\n<p>[\/et_pb_image][\/et_pb_column][\/et_pb_row][\/et_pb_section][et_pb_section admin_label=&#8221;Section&#8221; fullwidth=&#8221;off&#8221; specialty=&#8221;off&#8221;][et_pb_row admin_label=&#8221;Row&#8221;][et_pb_column type=&#8221;4_4&#8243;][et_pb_divider admin_label=&#8221;Divider&#8221; color=&#8221;#ffffff&#8221; show_divider=&#8221;off&#8221; height=&#8221;40&#8243; divider_style=&#8221;solid&#8221; divider_position=&#8221;top&#8221; hide_on_mobile=&#8221;on&#8221;]<\/p>\n<p>[\/et_pb_divider][\/et_pb_column][\/et_pb_row][\/et_pb_section]<\/p>\n","protected":false},"excerpt":{"rendered":"<p>[et_pb_section admin_label=&#8221;section&#8221; transparent_background=&#8221;off&#8221; allow_player_pause=&#8221;off&#8221; inner_shadow=&#8221;off&#8221; parallax=&#8221;off&#8221; parallax_method=&#8221;off&#8221; padding_mobile=&#8221;off&#8221; make_fullwidth=&#8221;off&#8221; use_custom_width=&#8221;off&#8221; width_unit=&#8221;on&#8221; make_equal=&#8221;off&#8221; use_custom_gutter=&#8221;off&#8221;][et_pb_row admin_label=&#8221;row&#8221;][et_pb_column type=&#8221;1_2&#8243;][et_pb_text admin_label=&#8221;Naslov&#8221; background_layout=&#8221;light&#8221; text_orientation=&#8221;left&#8221; text_font_size=&#8221;80&#8243; use_border_color=&#8221;off&#8221; border_color=&#8221;#ffffff&#8221; border_style=&#8221;solid&#8221; custom_css_main_element=&#8221;font-family: Sue Ellen Francisco, cursive;&#8221;] RADIONICE [\/et_pb_text][et_pb_divider admin_label=&#8221;Divider&#8221; color=&#8221;#ffffff&#8221; show_divider=&#8221;off&#8221; height=&#8221;10&#8243; divider_style=&#8221;solid&#8221; divider_position=&#8221;top&#8221; hide_on_mobile=&#8221;on&#8221;] [\/et_pb_divider][et_pb_text admin_label=&#8221;Text&#8221; background_layout=&#8221;light&#8221; text_orientation=&#8221;left&#8221; text_font_size=&#8221;30&#8243; text_line_height=&#8221;1em&#8221; use_border_color=&#8221;off&#8221; border_color=&#8221;#ffffff&#8221; border_style=&#8221;solid&#8221; custom_css_main_element=&#8221;font-family: &#8216;Just Me Again Down Here&#8217;, cursive;&#8221;] Reci lutka [\/et_pb_text][et_pb_text [&hellip;]<\/p>\n","protected":false},"author":1,"featured_media":0,"parent":0,"menu_order":0,"comment_status":"closed","ping_status":"closed","template":"","meta":{"spay_email":""},"yoast_head":"<!-- This site is optimized with the Yoast SEO plugin v15.1.1 - https:\/\/yoast.com\/wordpress\/plugins\/seo\/ -->\n<meta name=\"robots\" content=\"index, follow, max-snippet:-1, max-image-preview:large, max-video-preview:-1\" \/>\n<link rel=\"canonical\" href=\"https:\/\/www.gkl-rijeka.hr\/index.php\/radionice\/\" \/>\n<meta property=\"og:locale\" content=\"en_US\" \/>\n<meta property=\"og:type\" content=\"article\" \/>\n<meta property=\"og:title\" content=\"Radionice - Gradsko kazali\u0161te lutaka Rijeka\" \/>\n<meta property=\"og:description\" content=\"[et_pb_section admin_label=&#8221;section&#8221; transparent_background=&#8221;off&#8221; allow_player_pause=&#8221;off&#8221; inner_shadow=&#8221;off&#8221; parallax=&#8221;off&#8221; parallax_method=&#8221;off&#8221; padding_mobile=&#8221;off&#8221; make_fullwidth=&#8221;off&#8221; use_custom_width=&#8221;off&#8221; width_unit=&#8221;on&#8221; make_equal=&#8221;off&#8221; use_custom_gutter=&#8221;off&#8221;][et_pb_row admin_label=&#8221;row&#8221;][et_pb_column type=&#8221;1_2&#8243;][et_pb_text admin_label=&#8221;Naslov&#8221; background_layout=&#8221;light&#8221; text_orientation=&#8221;left&#8221; text_font_size=&#8221;80&#8243; use_border_color=&#8221;off&#8221; border_color=&#8221;#ffffff&#8221; border_style=&#8221;solid&#8221; custom_css_main_element=&#8221;font-family: Sue Ellen Francisco, cursive;&#8221;] RADIONICE [\/et_pb_text][et_pb_divider admin_label=&#8221;Divider&#8221; color=&#8221;#ffffff&#8221; show_divider=&#8221;off&#8221; height=&#8221;10&#8243; divider_style=&#8221;solid&#8221; divider_position=&#8221;top&#8221; hide_on_mobile=&#8221;on&#8221;] [\/et_pb_divider][et_pb_text admin_label=&#8221;Text&#8221; background_layout=&#8221;light&#8221; text_orientation=&#8221;left&#8221; text_font_size=&#8221;30&#8243; text_line_height=&#8221;1em&#8221; use_border_color=&#8221;off&#8221; border_color=&#8221;#ffffff&#8221; border_style=&#8221;solid&#8221; custom_css_main_element=&#8221;font-family: &#8216;Just Me Again Down Here&#8217;, cursive;&#8221;] Reci lutka [\/et_pb_text][et_pb_text [&hellip;]\" \/>\n<meta property=\"og:url\" content=\"https:\/\/www.gkl-rijeka.hr\/index.php\/radionice\/\" \/>\n<meta property=\"og:site_name\" content=\"Gradsko kazali\u0161te lutaka Rijeka\" \/>\n<meta property=\"article:publisher\" content=\"https:\/\/www.facebook.com\/gkl.rijeka\" \/>\n<meta property=\"article:modified_time\" content=\"2021-03-25T08:31:31+00:00\" \/>\n<meta property=\"og:image\" content=\"https:\/\/www.gkl-rijeka.hr\/wp-content\/uploads\/2020\/10\/promocije.jpg?wsr\" \/>\n\t<meta property=\"og:image:width\" content=\"1920\" \/>\n\t<meta property=\"og:image:height\" content=\"1059\" \/>\n<meta property=\"fb:app_id\" content=\"368762594246882\" \/>\n<meta name=\"twitter:card\" content=\"summary\" \/>\n<script type=\"application\/ld+json\" class=\"yoast-schema-graph\">{\"@context\":\"https:\/\/schema.org\",\"@graph\":[{\"@type\":\"Organization\",\"@id\":\"https:\/\/www.gkl-rijeka.hr\/#organization\",\"name\":\"Gradsko kazali\\u0161te lutaka Rijeka\",\"url\":\"https:\/\/www.gkl-rijeka.hr\/\",\"sameAs\":[\"https:\/\/www.facebook.com\/gkl.rijeka\"],\"logo\":{\"@type\":\"ImageObject\",\"@id\":\"https:\/\/www.gkl-rijeka.hr\/#logo\",\"inLanguage\":\"en-US\",\"url\":\"https:\/\/www.gkl-rijeka.hr\/wp-content\/uploads\/2020\/10\/logo_boja_01.png?wsr\",\"width\":209,\"height\":280,\"caption\":\"Gradsko kazali\\u0161te lutaka Rijeka\"},\"image\":{\"@id\":\"https:\/\/www.gkl-rijeka.hr\/#logo\"}},{\"@type\":\"WebSite\",\"@id\":\"https:\/\/www.gkl-rijeka.hr\/#website\",\"url\":\"https:\/\/www.gkl-rijeka.hr\/\",\"name\":\"Gradsko kazali\\u0161te lutaka Rijeka\",\"description\":\"\",\"publisher\":{\"@id\":\"https:\/\/www.gkl-rijeka.hr\/#organization\"},\"potentialAction\":[{\"@type\":\"SearchAction\",\"target\":\"https:\/\/www.gkl-rijeka.hr\/?s={search_term_string}\",\"query-input\":\"required name=search_term_string\"}],\"inLanguage\":\"en-US\"},{\"@type\":\"WebPage\",\"@id\":\"https:\/\/www.gkl-rijeka.hr\/index.php\/radionice\/#webpage\",\"url\":\"https:\/\/www.gkl-rijeka.hr\/index.php\/radionice\/\",\"name\":\"Radionice - Gradsko kazali\\u0161te lutaka Rijeka\",\"isPartOf\":{\"@id\":\"https:\/\/www.gkl-rijeka.hr\/#website\"},\"datePublished\":\"2016-03-07T11:58:52+00:00\",\"dateModified\":\"2021-03-25T08:31:31+00:00\",\"inLanguage\":\"en-US\",\"potentialAction\":[{\"@type\":\"ReadAction\",\"target\":[\"https:\/\/www.gkl-rijeka.hr\/index.php\/radionice\/\"]}]}]}<\/script>\n<!-- \/ Yoast SEO plugin. -->","_links":{"self":[{"href":"https:\/\/www.gkl-rijeka.hr\/index.php\/wp-json\/wp\/v2\/pages\/3120"}],"collection":[{"href":"https:\/\/www.gkl-rijeka.hr\/index.php\/wp-json\/wp\/v2\/pages"}],"about":[{"href":"https:\/\/www.gkl-rijeka.hr\/index.php\/wp-json\/wp\/v2\/types\/page"}],"author":[{"embeddable":true,"href":"https:\/\/www.gkl-rijeka.hr\/index.php\/wp-json\/wp\/v2\/users\/1"}],"replies":[{"embeddable":true,"href":"https:\/\/www.gkl-rijeka.hr\/index.php\/wp-json\/wp\/v2\/comments?post=3120"}],"version-history":[{"count":29,"href":"https:\/\/www.gkl-rijeka.hr\/index.php\/wp-json\/wp\/v2\/pages\/3120\/revisions"}],"predecessor-version":[{"id":11412,"href":"https:\/\/www.gkl-rijeka.hr\/index.php\/wp-json\/wp\/v2\/pages\/3120\/revisions\/11412"}],"wp:attachment":[{"href":"https:\/\/www.gkl-rijeka.hr\/index.php\/wp-json\/wp\/v2\/media?parent=3120"}],"curies":[{"name":"wp","href":"https:\/\/api.w.org\/{rel}","templated":true}]}}