{"id":992,"date":"2007-11-05T17:00:07","date_gmt":"2007-11-05T16:00:07","guid":{"rendered":"http:\/\/www.gkl-rijeka.hr\/wordpress\/?page_id=992"},"modified":"2025-04-10T11:01:06","modified_gmt":"2025-04-10T11:01:06","slug":"about","status":"publish","type":"page","link":"https:\/\/www.gkl-rijeka.hr\/index.php\/about\/","title":{"rendered":"Kontakt"},"content":{"rendered":"<p>[et_pb_section admin_label=&#8221;section&#8221;][et_pb_row admin_label=&#8221;row&#8221;][et_pb_column type=&#8221;1_3&#8243;][et_pb_text admin_label=&#8221;Text&#8221; background_layout=&#8221;light&#8221; text_orientation=&#8221;left&#8221; use_border_color=&#8221;off&#8221; border_color=&#8221;#ffffff&#8221; border_style=&#8221;solid&#8221;]<\/p>\n<h3>Adresa:<\/h3>\n<blockquote><p>Gradsko kazali\u0161te lutaka Rijeka<br \/>\nBla\u017ea Poli\u0107a 6<br \/>\n51000 Rijeka<\/p>\n<p>Ravnateljica GKL: Magdalena Lupi Alvir<\/p><\/blockquote>\n<h3>Kontakt za rezervacije za gra\u0111anstvo:<\/h3>\n<blockquote><p>Rezervacije se vr\u0161e isklju\u010divo putem maila <a href=\"mailto:blagajna.gklri@gmail.com\">blagajna.gklri@gmail.com<\/a>, a ostale informacije dostupne su radnim danom od 14:00 do 16:00 sati na<strong> 091\/325 6812.<\/strong><\/p>\n<p>Ukoliko mo\u017eete, preporu\u010damo da ulaznice za predstave GKL Rijeka kupujete online, na portalu <a href=\"https:\/\/www.mojekarte.hr\/hr\/organizer\/211\/gkl-rijeka.html\">Mojekarte.hr<\/a>.<\/p>\n<p>&nbsp;<\/p>\n<h3>E-mail:<\/h3>\n<blockquote><p><a href=\"mailto:gradsko-kazaliste-lutaka@ri.t-com.hr\">gradsko-kazaliste-lutaka@ri.t-com.hr<\/a><\/p><\/blockquote>\n<h3>Telefoni:<\/h3>\n<blockquote><p><em>radnim danom od 09 do 15 sati:<\/em><\/p>\n<p><strong>051\/325 680<\/strong> &#8211; centrala<br \/>\n<strong>051\/325 682<\/strong> &#8211; pravna slu\u017eba<br \/>\n<strong>051\/325 683<\/strong> &#8211; ra\u010dunovodstvo<br \/>\n<strong>051\/325 684<\/strong> &#8211; tehnika<br \/>\n<strong>051\/325 686<\/strong> &#8211; stru\u010dni suradnik<br \/>\n<strong>051\/325 688<\/strong> &#8211; propaganda<br \/>\n<strong>051\/325 689<\/strong> &#8211; radionica<br \/>\n<strong>051\/325 690<\/strong> &#8211; blagajna (u radno vrijeme blagajne)<\/p><\/blockquote>\n<\/blockquote>\n<p>[\/et_pb_text][\/et_pb_column][et_pb_column type=&#8221;2_3&#8243;][et_pb_text admin_label=&#8221;mapa&#8221; background_layout=&#8221;light&#8221; text_orientation=&#8221;left&#8221; use_border_color=&#8221;off&#8221; border_color=&#8221;#ffffff&#8221; border_style=&#8221;solid&#8221;] <div id=\"lmm_770269a6\" style=\"width:100%;\" class=\"mapsmarker markermap marker-1\">\n<div id=\"lmm_panel_770269a6\" class=\"lmm-panel\" style=\"background:#efefef;\">\n<div id=\"lmm_panel_api_770269a6\" class=\"lmm-panel-api\"><a href=\"https:\/\/maps.google.com\/maps?daddr=GKL+Rijeka&amp;t=m&amp;layer=1&amp;doflg=ptk&amp;om=0\" target=\"_blank\" title=\"Get directions\"><img alt=\"icon-car.png\" src=\"https:\/\/www.gkl-rijeka.hr\/wp-content\/plugins\/leaflet-maps-marker\/inc\/img\/icon-car.png\" width=\"14\" height=\"14\" class=\"lmm-panel-api-images\" \/><\/a><a href=\"https:\/\/www.gkl-rijeka.hr\/wp-content\/plugins\/leaflet-maps-marker\/leaflet-fullscreen.php?marker=1\" style=\"text-decoration:none;\" title=\"Open standalone map in fullscreen mode\" target=\"_blank\"><img src=\"https:\/\/www.gkl-rijeka.hr\/wp-content\/plugins\/leaflet-maps-marker\/inc\/img\/icon-fullscreen.png\" width=\"14\" height=\"14\" alt=\"Fullscreen-Logo\" class=\"lmm-panel-api-images\" \/><\/a><\/div><div id=\"lmm_panel_text_770269a6\" class=\"lmm-panel-text\" style=\"font-weight:bold;color:#373737;\">GKL Rijeka<\/div><\/div>\n<div id=\"lmm_map_770269a6\" class=\"lmm-map\" style=\"background:#f6f6f6;border:1px solid #ccc;height:400px; overflow:hidden;padding:0;\"><p style=\"font-size:80%;color:#9f9e9e;margin-left:5px;\">loading map - please wait...<noscript><br\/><strong>Map could not be loaded - please enable Javascript!<\/strong><br\/><a style=\"text-decoration:none;\" href=\"https:\/\/www.mapsmarker.com\/js-disabled\" target=\"_blank\">&rarr; more information<\/a><\/noscript><\/p><\/div>\n<div id=\"lmm_geo_tags_770269a6\" class=\"lmm-geo-tags geo\">\n<span class=\"paneltext\">GKL Rijeka<\/span>\n<span class=\"latitude\">45.330238<\/span>, <span class=\"longitude\">14.434415<\/span>\n<span class=\"popuptext\">GKL Rijeka<\/span>\n<\/div>\n<\/div> [\/et_pb_text][et_pb_text admin_label=&#8221;Text&#8221; background_layout=&#8221;light&#8221; text_orientation=&#8221;left&#8221; use_border_color=&#8221;off&#8221; border_color=&#8221;#ffffff&#8221; border_style=&#8221;solid&#8221;]<\/p>\n<p><strong>Linkovi:<\/strong><br \/>\n<a href=\"http:\/\/www.zakon.hr\/z\/301\/Zakon-o-kazali%C5%A1tima\" target=\"blank\" rel=\"noopener noreferrer\">Zakon o kazali\u0161tima<\/a><br \/>\n<a href=\"http:\/\/cadial.hidra.hr\/searchdoc.php?action=search&amp;lang=hr&amp;query=Zakon+o+kazali%C5%A1tima&amp;searchText=on&amp;searchTitle=on&amp;resultdetails=titles&amp;displayOptions=on&amp;filteracttype=all&amp;filtereuchapter=all&amp;filterfields=all&amp;resultlimit=on&amp;resultlimitnum=10&amp;annotate=on&amp;bid=ZEv75%2FCwvsYBU1Rl%2BkZdGw%3D%3D\" target=\"blank\" rel=\"noopener noreferrer\">Zakon o izmjenama i dopunama Zakona o kazali\u0161tima<\/a><br \/>\n<!--cforms--><\/p>\n<p>[\/et_pb_text][\/et_pb_column][\/et_pb_row][\/et_pb_section]<\/p>\n","protected":false},"excerpt":{"rendered":"<p>[et_pb_section admin_label=&#8221;section&#8221;][et_pb_row admin_label=&#8221;row&#8221;][et_pb_column type=&#8221;1_3&#8243;][et_pb_text admin_label=&#8221;Text&#8221; background_layout=&#8221;light&#8221; text_orientation=&#8221;left&#8221; use_border_color=&#8221;off&#8221; border_color=&#8221;#ffffff&#8221; border_style=&#8221;solid&#8221;] Adresa: Gradsko kazali\u0161te lutaka Rijeka Bla\u017ea Poli\u0107a 6 51000 Rijeka Ravnateljica GKL: Magdalena Lupi Alvir Kontakt za rezervacije za gra\u0111anstvo: Rezervacije se vr\u0161e isklju\u010divo putem maila blagajna.gklri@gmail.com, a ostale informacije dostupne su radnim danom od 14:00 do 16:00 sati na 091\/325 6812. Ukoliko mo\u017eete, preporu\u010damo [&hellip;]<\/p>\n","protected":false},"author":1,"featured_media":0,"parent":0,"menu_order":0,"comment_status":"open","ping_status":"open","template":"","meta":{"spay_email":""},"yoast_head":"<!-- This site is optimized with the Yoast SEO plugin v15.1.1 - https:\/\/yoast.com\/wordpress\/plugins\/seo\/ -->\n<meta name=\"robots\" content=\"index, follow, max-snippet:-1, max-image-preview:large, max-video-preview:-1\" \/>\n<link rel=\"canonical\" href=\"https:\/\/www.gkl-rijeka.hr\/index.php\/about\/\" \/>\n<meta property=\"og:locale\" content=\"en_US\" \/>\n<meta property=\"og:type\" content=\"article\" \/>\n<meta property=\"og:title\" content=\"Kontakt - Gradsko kazali\u0161te lutaka Rijeka\" \/>\n<meta property=\"og:description\" content=\"[et_pb_section admin_label=&#8221;section&#8221;][et_pb_row admin_label=&#8221;row&#8221;][et_pb_column type=&#8221;1_3&#8243;][et_pb_text admin_label=&#8221;Text&#8221; background_layout=&#8221;light&#8221; text_orientation=&#8221;left&#8221; use_border_color=&#8221;off&#8221; border_color=&#8221;#ffffff&#8221; border_style=&#8221;solid&#8221;] Adresa: Gradsko kazali\u0161te lutaka Rijeka Bla\u017ea Poli\u0107a 6 51000 Rijeka Ravnateljica GKL: Magdalena Lupi Alvir Kontakt za rezervacije za gra\u0111anstvo: Rezervacije se vr\u0161e isklju\u010divo putem maila blagajna.gklri@gmail.com, a ostale informacije dostupne su radnim danom od 14:00 do 16:00 sati na 091\/325 6812. Ukoliko mo\u017eete, preporu\u010damo [&hellip;]\" \/>\n<meta property=\"og:url\" content=\"https:\/\/www.gkl-rijeka.hr\/index.php\/about\/\" \/>\n<meta property=\"og:site_name\" content=\"Gradsko kazali\u0161te lutaka Rijeka\" \/>\n<meta property=\"article:publisher\" content=\"https:\/\/www.facebook.com\/gkl.rijeka\" \/>\n<meta property=\"article:modified_time\" content=\"2025-04-10T11:01:06+00:00\" \/>\n<meta property=\"og:image\" content=\"https:\/\/www.gkl-rijeka.hr\/wp-content\/uploads\/2020\/10\/promocije.jpg?wsr\" \/>\n\t<meta property=\"og:image:width\" content=\"1920\" \/>\n\t<meta property=\"og:image:height\" content=\"1059\" \/>\n<meta property=\"fb:app_id\" content=\"368762594246882\" \/>\n<meta name=\"twitter:card\" content=\"summary\" \/>\n<script type=\"application\/ld+json\" class=\"yoast-schema-graph\">{\"@context\":\"https:\/\/schema.org\",\"@graph\":[{\"@type\":\"Organization\",\"@id\":\"https:\/\/www.gkl-rijeka.hr\/#organization\",\"name\":\"Gradsko kazali\\u0161te lutaka Rijeka\",\"url\":\"https:\/\/www.gkl-rijeka.hr\/\",\"sameAs\":[\"https:\/\/www.facebook.com\/gkl.rijeka\"],\"logo\":{\"@type\":\"ImageObject\",\"@id\":\"https:\/\/www.gkl-rijeka.hr\/#logo\",\"inLanguage\":\"en-US\",\"url\":\"https:\/\/www.gkl-rijeka.hr\/wp-content\/uploads\/2020\/10\/logo_boja_01.png?wsr\",\"width\":209,\"height\":280,\"caption\":\"Gradsko kazali\\u0161te lutaka Rijeka\"},\"image\":{\"@id\":\"https:\/\/www.gkl-rijeka.hr\/#logo\"}},{\"@type\":\"WebSite\",\"@id\":\"https:\/\/www.gkl-rijeka.hr\/#website\",\"url\":\"https:\/\/www.gkl-rijeka.hr\/\",\"name\":\"Gradsko kazali\\u0161te lutaka Rijeka\",\"description\":\"\",\"publisher\":{\"@id\":\"https:\/\/www.gkl-rijeka.hr\/#organization\"},\"potentialAction\":[{\"@type\":\"SearchAction\",\"target\":\"https:\/\/www.gkl-rijeka.hr\/?s={search_term_string}\",\"query-input\":\"required name=search_term_string\"}],\"inLanguage\":\"en-US\"},{\"@type\":\"WebPage\",\"@id\":\"https:\/\/www.gkl-rijeka.hr\/index.php\/about\/#webpage\",\"url\":\"https:\/\/www.gkl-rijeka.hr\/index.php\/about\/\",\"name\":\"Kontakt - Gradsko kazali\\u0161te lutaka Rijeka\",\"isPartOf\":{\"@id\":\"https:\/\/www.gkl-rijeka.hr\/#website\"},\"datePublished\":\"2007-11-05T16:00:07+00:00\",\"dateModified\":\"2025-04-10T11:01:06+00:00\",\"inLanguage\":\"en-US\",\"potentialAction\":[{\"@type\":\"ReadAction\",\"target\":[\"https:\/\/www.gkl-rijeka.hr\/index.php\/about\/\"]}]}]}<\/script>\n<!-- \/ Yoast SEO plugin. -->","_links":{"self":[{"href":"https:\/\/www.gkl-rijeka.hr\/index.php\/wp-json\/wp\/v2\/pages\/992"}],"collection":[{"href":"https:\/\/www.gkl-rijeka.hr\/index.php\/wp-json\/wp\/v2\/pages"}],"about":[{"href":"https:\/\/www.gkl-rijeka.hr\/index.php\/wp-json\/wp\/v2\/types\/page"}],"author":[{"embeddable":true,"href":"https:\/\/www.gkl-rijeka.hr\/index.php\/wp-json\/wp\/v2\/users\/1"}],"replies":[{"embeddable":true,"href":"https:\/\/www.gkl-rijeka.hr\/index.php\/wp-json\/wp\/v2\/comments?post=992"}],"version-history":[{"count":29,"href":"https:\/\/www.gkl-rijeka.hr\/index.php\/wp-json\/wp\/v2\/pages\/992\/revisions"}],"predecessor-version":[{"id":16857,"href":"https:\/\/www.gkl-rijeka.hr\/index.php\/wp-json\/wp\/v2\/pages\/992\/revisions\/16857"}],"wp:attachment":[{"href":"https:\/\/www.gkl-rijeka.hr\/index.php\/wp-json\/wp\/v2\/media?parent=992"}],"curies":[{"name":"wp","href":"https:\/\/api.w.org\/{rel}","templated":true}]}}